{"id":223771,"date":"2017-11-14T16:48:17","date_gmt":"2017-11-14T15:48:17","guid":{"rendered":"https:\/\/www.kronshop.com\/produkt\/weisswurst\/"},"modified":"2025-07-03T15:33:41","modified_gmt":"2025-07-03T13:33:41","slug":"weisswurst","status":"publish","type":"product","link":"https:\/\/www.kronshop.com\/it\/produkt\/weisswurst\/","title":{"rendered":"Weisswurst"},"content":{"rendered":"<p>Ingredienti: 32 % carne di vitello, 23% carne di suino, lardo, acqua, sale, aromi naturali, destrosio, spezie (sedano, senape), stabilizzanti: difosfato, addensanti: polifosfati, esaltatore di sapidita: glutamato monosodico, antiossidante: E300 E301<br \/>\n<strong>Senza glutine e lattosio.<\/strong><\/p>\n","protected":false},"excerpt":{"rendered":"<p>La nostra &#8220;Weisswurst&#8221; (salsiccia bianca) prodotto secondo <strong>la ricetta di famiglia.<\/strong> I nostri salumi sono fatti di carne di vitello e di maiale. Prezzemolo fresco del nostro giardino offre termine supplementare per <strong>il gusto unico.<\/strong><\/p>\n<p><em>Suggerimento Preparazione:<\/em><br \/>\nIn primo luogo, l&#8217;acqua viene portata a ebollizione. Poi si pu\u00f2 spegnere il forno e utilizza il calore residuo. Mettere dentro le Weissw\u00fcrste in acqua senza un coperchio e lasciate circa 10 minuti. L&#8217;acqua non deve bollire, altrimenti le Weissw\u00fcrste si scopiano.<\/p>\n<p>&nbsp;<\/p>\n","protected":false},"featured_media":223355,"comment_status":"open","ping_status":"closed","template":"","meta":{"_et_pb_use_builder":"","_et_pb_old_content":"","_et_gb_content_width":""},"product_brand":[],"product_cat":[98],"product_tag":[],"class_list":{"0":"post-223771","1":"product","2":"type-product","3":"status-publish","4":"has-post-thumbnail","6":"product_cat-salsicce","8":"first","9":"instock","10":"shipping-taxable","11":"purchasable","12":"product-type-variable"},"jetpack_sharing_enabled":true,"_links":{"self":[{"href":"https:\/\/www.kronshop.com\/it\/wp-json\/wp\/v2\/product\/223771","targetHints":{"allow":["GET"]}}],"collection":[{"href":"https:\/\/www.kronshop.com\/it\/wp-json\/wp\/v2\/product"}],"about":[{"href":"https:\/\/www.kronshop.com\/it\/wp-json\/wp\/v2\/types\/product"}],"replies":[{"embeddable":true,"href":"https:\/\/www.kronshop.com\/it\/wp-json\/wp\/v2\/comments?post=223771"}],"wp:featuredmedia":[{"embeddable":true,"href":"https:\/\/www.kronshop.com\/it\/wp-json\/wp\/v2\/media\/223355"}],"wp:attachment":[{"href":"https:\/\/www.kronshop.com\/it\/wp-json\/wp\/v2\/media?parent=223771"}],"wp:term":[{"taxonomy":"product_brand","embeddable":true,"href":"https:\/\/www.kronshop.com\/it\/wp-json\/wp\/v2\/product_brand?post=223771"},{"taxonomy":"product_cat","embeddable":true,"href":"https:\/\/www.kronshop.com\/it\/wp-json\/wp\/v2\/product_cat?post=223771"},{"taxonomy":"product_tag","embeddable":true,"href":"https:\/\/www.kronshop.com\/it\/wp-json\/wp\/v2\/product_tag?post=223771"}],"curies":[{"name":"wp","href":"https:\/\/api.w.org\/{rel}","templated":true}]}}