{"id":223776,"date":"2017-11-14T16:44:51","date_gmt":"2017-11-14T15:44:51","guid":{"rendered":"https:\/\/www.kronshop.com\/produkt\/meraner-wuerstel\/"},"modified":"2024-12-13T22:40:13","modified_gmt":"2024-12-13T21:40:13","slug":"meraner-wuerstel","status":"publish","type":"product","link":"https:\/\/www.kronshop.com\/it\/produkt\/meraner-wuerstel\/","title":{"rendered":"W\u00fcrstel meranesi"},"content":{"rendered":"<p>Ingredienti: 35% carne di manzo, lardo, 7% carne di Suino, acqua, sale, aromi naturali, destrosio, spezie (sedano, senape), stabilizzanti: difosfato, addensanti: polifosfati, esaltatore di sapidita: glutamato monosodico, antiossidante: E300 E301, emulgatore: E471 E477c, conservanti: nitrito di sodio.<br \/>\n<strong>Senza glutine e lattosio.<\/strong><\/p>\n","protected":false},"excerpt":{"rendered":"<p>Il nostro &#8220;Meraner W\u00fcrstel&#8221; e quasi uguale dell &#8220;W\u00fcrstel traditionale&#8221;. La differenza \u00e8 che sono un po&#8217; pi\u00f9 <strong>piccante<\/strong> di sapore e macinato un po&#8217; pi\u00f9 grosso . I nostri W\u00fcrsteli sono fatti secondo <strong>antica ricetta tradizionale<\/strong> della nostra macelleria , e sono naturalmente senza glutine e lattosio. Sono fatti di carne bovina e di maiale. Leggermente affumicato con legno di faggio.<\/p>\n<p>2 pezzi (ca200g)<\/p>\n","protected":false},"featured_media":223363,"comment_status":"open","ping_status":"closed","template":"","meta":{"_et_pb_use_builder":"","_et_pb_old_content":"","_et_gb_content_width":""},"product_brand":[],"product_cat":[98],"product_tag":[],"class_list":{"0":"post-223776","1":"product","2":"type-product","3":"status-publish","4":"has-post-thumbnail","6":"product_cat-salsicce","8":"first","9":"instock","10":"shipping-taxable","11":"purchasable","12":"product-type-simple"},"jetpack_sharing_enabled":true,"_links":{"self":[{"href":"https:\/\/www.kronshop.com\/it\/wp-json\/wp\/v2\/product\/223776","targetHints":{"allow":["GET"]}}],"collection":[{"href":"https:\/\/www.kronshop.com\/it\/wp-json\/wp\/v2\/product"}],"about":[{"href":"https:\/\/www.kronshop.com\/it\/wp-json\/wp\/v2\/types\/product"}],"replies":[{"embeddable":true,"href":"https:\/\/www.kronshop.com\/it\/wp-json\/wp\/v2\/comments?post=223776"}],"wp:featuredmedia":[{"embeddable":true,"href":"https:\/\/www.kronshop.com\/it\/wp-json\/wp\/v2\/media\/223363"}],"wp:attachment":[{"href":"https:\/\/www.kronshop.com\/it\/wp-json\/wp\/v2\/media?parent=223776"}],"wp:term":[{"taxonomy":"product_brand","embeddable":true,"href":"https:\/\/www.kronshop.com\/it\/wp-json\/wp\/v2\/product_brand?post=223776"},{"taxonomy":"product_cat","embeddable":true,"href":"https:\/\/www.kronshop.com\/it\/wp-json\/wp\/v2\/product_cat?post=223776"},{"taxonomy":"product_tag","embeddable":true,"href":"https:\/\/www.kronshop.com\/it\/wp-json\/wp\/v2\/product_tag?post=223776"}],"curies":[{"name":"wp","href":"https:\/\/api.w.org\/{rel}","templated":true}]}}