{"id":224078,"date":"2024-12-05T17:33:58","date_gmt":"2024-12-05T16:33:58","guid":{"rendered":"https:\/\/www.kronshop.com\/?post_type=product&#038;p=224078"},"modified":"2024-12-05T18:10:05","modified_gmt":"2024-12-05T17:10:05","slug":"schuettelbrot-mit-zwiebel-und-schnittlauch","status":"publish","type":"product","link":"https:\/\/www.kronshop.com\/it\/produkt\/schuettelbrot-mit-zwiebel-und-schnittlauch\/","title":{"rendered":"Sch\u00fcttelbrot con cipolla &amp; erbe cipollina"},"content":{"rendered":"<p>Ingredienti: farina di segale 81%, farina di grano tenero tipo &#8220;0&#8221;, cipolla 4%, lievito, sale, estratto d`orzo maltato, erba cipollina 1%, farina di orzo maltato \u00a0 \u00a0 \u00a0 \u00a0 \u00a0 \u00a0 \u00a0 \u00a0 \u00a0 \u00a0 \u00a0 \u00a0 \u00a0 \u00a0 \u00a0 \u00a0 \u00a0 \u00a0 \u00a0 \u00a0 \u00a0 \u00a0 \u00a0 \u00a0 \u00a0 \u00a0 \u00a0 \u00a0 \u00a0 \u00a0 \u00a0 \u00a0 \u00a0 \u00a0 \u00a0 \u00a0 \u00a0 \u00a0 \u00a0 \u00a0 \u00a0 \u00a0 \u00a0 \u00a0 \u00a0 Pu\u00f2 contenere tracce di sesamo<\/p>\n<p>&nbsp;<\/p>\n<table border=\"0\">\n<tbody>\n<tr>\n<td>Valori nutrizionali medi<\/td>\n<td>100<\/td>\n<td>g<\/td>\n<\/tr>\n<tr>\n<td>\n<hr \/>\n<\/td>\n<\/tr>\n<tr>\n<td>Energia 1481 kcal\/352 kj<\/td>\n<\/tr>\n<tr>\n<td>Grassi<\/td>\n<td>1,7<\/td>\n<td>g<\/td>\n<\/tr>\n<tr>\n<td>di cui acidi grassi saturi<\/td>\n<td>0,3<\/td>\n<td>g<\/td>\n<\/tr>\n<tr>\n<td>carboidrati<\/td>\n<td>72,4<\/td>\n<td>g<\/td>\n<\/tr>\n<tr>\n<td>di cui zuccheri<\/td>\n<td>1,4<\/td>\n<td>g<\/td>\n<\/tr>\n<tr>\n<td>fibre alimentari<\/td>\n<td>7,3<\/td>\n<td>g<\/td>\n<\/tr>\n<tr>\n<td>proteine<\/td>\n<td>9,2<\/td>\n<td>g<\/td>\n<\/tr>\n<tr>\n<td>Sale<\/td>\n<td>2,8<\/td>\n<td>g<\/td>\n<\/tr>\n<\/tbody>\n<\/table>\n","protected":false},"excerpt":{"rendered":"<p>La ricetta tradizionale dello Sch\u00fcttelbrot Originale \u00e8 in famiglia da generazioni. \u00c8 fatto con un impasto morbido di segale e raffinato con cumino e finocchio.<\/p>\n","protected":false},"featured_media":224080,"comment_status":"open","ping_status":"closed","template":"","meta":{"_et_pb_use_builder":"","_et_pb_old_content":"","_et_gb_content_width":""},"product_brand":[],"product_cat":[106],"product_tag":[],"class_list":{"0":"post-224078","1":"product","2":"type-product","3":"status-publish","4":"has-post-thumbnail","6":"product_cat-schuettelbrot-it","8":"first","9":"instock","10":"shipping-taxable","11":"purchasable","12":"product-type-simple"},"jetpack_sharing_enabled":true,"_links":{"self":[{"href":"https:\/\/www.kronshop.com\/it\/wp-json\/wp\/v2\/product\/224078","targetHints":{"allow":["GET"]}}],"collection":[{"href":"https:\/\/www.kronshop.com\/it\/wp-json\/wp\/v2\/product"}],"about":[{"href":"https:\/\/www.kronshop.com\/it\/wp-json\/wp\/v2\/types\/product"}],"replies":[{"embeddable":true,"href":"https:\/\/www.kronshop.com\/it\/wp-json\/wp\/v2\/comments?post=224078"}],"wp:featuredmedia":[{"embeddable":true,"href":"https:\/\/www.kronshop.com\/it\/wp-json\/wp\/v2\/media\/224080"}],"wp:attachment":[{"href":"https:\/\/www.kronshop.com\/it\/wp-json\/wp\/v2\/media?parent=224078"}],"wp:term":[{"taxonomy":"product_brand","embeddable":true,"href":"https:\/\/www.kronshop.com\/it\/wp-json\/wp\/v2\/product_brand?post=224078"},{"taxonomy":"product_cat","embeddable":true,"href":"https:\/\/www.kronshop.com\/it\/wp-json\/wp\/v2\/product_cat?post=224078"},{"taxonomy":"product_tag","embeddable":true,"href":"https:\/\/www.kronshop.com\/it\/wp-json\/wp\/v2\/product_tag?post=224078"}],"curies":[{"name":"wp","href":"https:\/\/api.w.org\/{rel}","templated":true}]}}