{"id":224267,"date":"2024-12-10T18:27:18","date_gmt":"2024-12-10T17:27:18","guid":{"rendered":"https:\/\/www.kronshop.com\/?post_type=product&#038;p=224267"},"modified":"2024-12-10T18:48:03","modified_gmt":"2024-12-10T17:48:03","slug":"pragser-stange-kopie-2","status":"publish","type":"product","link":"https:\/\/www.kronshop.com\/it\/produkt\/pragser-stange-kopie-2\/","title":{"rendered":"Stelvio DOP"},"content":{"rendered":"<h3 class=\"heading tiny sans-serif uppercase\">NUTRIZIONALI<\/h3>\n<table class=\"table\">\n<thead>\n<tr>\n<th>Valori nutrizionali medi per 100 g\/ml<\/th>\n<th>100 ml<\/th>\n<\/tr>\n<\/thead>\n<tbody>\n<tr>\n<td>Energia<\/td>\n<td>1501 kJ \/ 362 kcal<\/td>\n<\/tr>\n<tr>\n<td>Grassi<\/td>\n<td>30 g<\/td>\n<\/tr>\n<tr>\n<td>di cui acidi grassi saturi<\/td>\n<td>21 g<\/td>\n<\/tr>\n<tr>\n<td>di cui lattosio<\/td>\n<td>&lt; 0.1 g<\/td>\n<\/tr>\n<tr>\n<td>Proteine<\/td>\n<td>23 g<\/td>\n<\/tr>\n<tr>\n<td>Sale<\/td>\n<td>1,9 g<\/td>\n<\/tr>\n<\/tbody>\n<\/table>\n","protected":false},"excerpt":{"rendered":"<p>Lo \u201cStelvio DOP\u201d unisce qualit\u00e0, genuinit\u00e0, tradizione e garanzia di origine. Nel 2007 \u00e8 stato l&#8217;unico formaggio altoatesino a ricevere la denominazione di origine protetta dall&#8217;Unione Europea. Il gusto intenso, aromatico ed elegante lo rende un formaggio unico, la cui ricetta pu\u00f2 essere fatta risalire al 1914<\/p>\n<p>CARATTERISTICHE<br \/>\nSaporito e aromatico<br \/>\nSenza lattosio<br \/>\nSenza glutine<br \/>\nCrosta commestibile<\/p>\n","protected":false},"featured_media":224220,"comment_status":"open","ping_status":"closed","template":"","meta":{"_et_pb_use_builder":"","_et_pb_old_content":"","_et_gb_content_width":""},"product_brand":[],"product_cat":[166],"product_tag":[],"class_list":{"0":"post-224267","1":"product","2":"type-product","3":"status-publish","4":"has-post-thumbnail","6":"product_cat-formaggio","8":"first","9":"instock","10":"shipping-taxable","11":"purchasable","12":"product-type-variable"},"jetpack_sharing_enabled":true,"_links":{"self":[{"href":"https:\/\/www.kronshop.com\/it\/wp-json\/wp\/v2\/product\/224267","targetHints":{"allow":["GET"]}}],"collection":[{"href":"https:\/\/www.kronshop.com\/it\/wp-json\/wp\/v2\/product"}],"about":[{"href":"https:\/\/www.kronshop.com\/it\/wp-json\/wp\/v2\/types\/product"}],"replies":[{"embeddable":true,"href":"https:\/\/www.kronshop.com\/it\/wp-json\/wp\/v2\/comments?post=224267"}],"wp:featuredmedia":[{"embeddable":true,"href":"https:\/\/www.kronshop.com\/it\/wp-json\/wp\/v2\/media\/224220"}],"wp:attachment":[{"href":"https:\/\/www.kronshop.com\/it\/wp-json\/wp\/v2\/media?parent=224267"}],"wp:term":[{"taxonomy":"product_brand","embeddable":true,"href":"https:\/\/www.kronshop.com\/it\/wp-json\/wp\/v2\/product_brand?post=224267"},{"taxonomy":"product_cat","embeddable":true,"href":"https:\/\/www.kronshop.com\/it\/wp-json\/wp\/v2\/product_cat?post=224267"},{"taxonomy":"product_tag","embeddable":true,"href":"https:\/\/www.kronshop.com\/it\/wp-json\/wp\/v2\/product_tag?post=224267"}],"curies":[{"name":"wp","href":"https:\/\/api.w.org\/{rel}","templated":true}]}}